{"id":9643,"date":"2025-10-16T22:07:39","date_gmt":"2025-10-16T22:07:39","guid":{"rendered":"https:\/\/jassmine.com\/product\/poster-chief-adjuah\/"},"modified":"2025-12-12T15:53:58","modified_gmt":"2025-12-12T15:53:58","slug":"poster-chief-adjuah","status":"publish","type":"product","link":"https:\/\/jassmine.com\/en\/product\/poster-chief-adjuah\/","title":{"rendered":"Poster Chief Adjuah"},"content":{"rendered":"\n<div id=\"heading-text-block_690a2704df2dd\" class=\"heading-text\">\n\n  <div>\n        <h2 class=\"heading-text__heading font-serif fs-24 lh-1-28 fs-dt-40 lh-1-2\">Autor: Dawid Ryski\u00a0\r\n50&#215;70 cm\r\n\r\n<\/h2>\n      <\/div>\n\n  <div>\n        <div class=\"heading-text__content fs-20 ls-0-4 lh-1-4\">\n      <p data-pm-slice=\"0 0 []\">12-kolorowy druk cyfrowy pigmentowy (najwy\u017csza jako\u015b\u0107 dost\u0119pna na rynku charakteryzuje si\u0119 wiernym odwzorowaniem kolorystycznym, soczystymi barwami, dba\u0142o\u015bci\u0105 o szczeg\u00f3\u0142y w druku a tak\u017ce wysok\u0105 odporno\u015bci\u0105 &#8211; producent tuszy ocenia ich trwa\u0142o\u015b\u0107 na oko\u0142o 90 lat)<\/p>\n<p>Wykonany na autorskim papierze drukarni Pangolin Print &#8211; Rough 200g<\/p>\n<p>Papier bezkwasowy, spulchniony, z delikatn\u0105 faktur\u0105, bez podbielaczy optycznych, z certyfikatami PVC-free oraz FSC<\/p>\n<p>Plakat dost\u0119pny w klubie<br \/>\nPo wi\u0119cej szczeg\u00f3\u0142\u00f3w napisz na ola@jassmine.com<\/p>\n    <\/div>\n      <\/div>\n\n<\/div>\n\n\n\n<div id=\"asset-block_690a2704df324\" class=\"asset-block\">\n\n  \n<figure\n  class=\"asset asset-block__asset\"\n  data-asset\n    >\n\n  <img decoding=\"async\" width=\"1810\" height=\"2560\" src=\"https:\/\/jassmine.com\/wp-content\/uploads\/2025\/09\/a3-kopia-3-1-scaled.jpg\" class=\"asset__image dt-only\" alt=\"\" loading=\"lazy\" srcset=\"https:\/\/jassmine.com\/wp-content\/uploads\/2025\/09\/a3-kopia-3-1-scaled.jpg 1810w, https:\/\/jassmine.com\/wp-content\/uploads\/2025\/09\/a3-kopia-3-1-679x960.jpg 679w, https:\/\/jassmine.com\/wp-content\/uploads\/2025\/09\/a3-kopia-3-1-905x1280.jpg 905w, https:\/\/jassmine.com\/wp-content\/uploads\/2025\/09\/a3-kopia-3-1-382x540.jpg 382w, https:\/\/jassmine.com\/wp-content\/uploads\/2025\/09\/a3-kopia-3-1-768x1086.jpg 768w, https:\/\/jassmine.com\/wp-content\/uploads\/2025\/09\/a3-kopia-3-1-1086x1536.jpg 1086w, https:\/\/jassmine.com\/wp-content\/uploads\/2025\/09\/a3-kopia-3-1-1448x2048.jpg 1448w\" sizes=\"auto, (max-width: 1810px) 100vw, 1810px\" \/><img decoding=\"async\" width=\"1810\" height=\"2560\" src=\"https:\/\/jassmine.com\/wp-content\/uploads\/2025\/09\/a3-kopia-3-1-scaled.jpg\" class=\"asset__image asset__image--mob mob-only\" alt=\"\" loading=\"lazy\" srcset=\"https:\/\/jassmine.com\/wp-content\/uploads\/2025\/09\/a3-kopia-3-1-scaled.jpg 1810w, https:\/\/jassmine.com\/wp-content\/uploads\/2025\/09\/a3-kopia-3-1-679x960.jpg 679w, https:\/\/jassmine.com\/wp-content\/uploads\/2025\/09\/a3-kopia-3-1-905x1280.jpg 905w, https:\/\/jassmine.com\/wp-content\/uploads\/2025\/09\/a3-kopia-3-1-382x540.jpg 382w, https:\/\/jassmine.com\/wp-content\/uploads\/2025\/09\/a3-kopia-3-1-768x1086.jpg 768w, https:\/\/jassmine.com\/wp-content\/uploads\/2025\/09\/a3-kopia-3-1-1086x1536.jpg 1086w, https:\/\/jassmine.com\/wp-content\/uploads\/2025\/09\/a3-kopia-3-1-1448x2048.jpg 1448w\" sizes=\"auto, (max-width: 1810px) 100vw, 1810px\" \/>\n<\/figure>\n\n<\/div>\n","protected":false},"featured_media":8700,"template":"","meta":{"_acf_changed":false,"inline_featured_image":false},"collection":[],"class_list":["post-9643","product","type-product","status-publish","has-post-thumbnail","hentry"],"acf":[],"yoast_head":"<!-- This site is optimized with the Yoast SEO plugin v26.4 - https:\/\/yoast.com\/wordpress\/plugins\/seo\/ -->\n<title>Poster Chief Adjuah - jassmine<\/title>\n<meta name=\"robots\" content=\"index, follow, max-snippet:-1, max-image-preview:large, max-video-preview:-1\" \/>\n<link rel=\"canonical\" href=\"https:\/\/jassmine.com\/en\/product\/poster-chief-adjuah\/\" \/>\n<meta property=\"og:locale\" content=\"en_US\" \/>\n<meta property=\"og:type\" content=\"article\" \/>\n<meta property=\"og:title\" content=\"Poster Chief Adjuah - jassmine\" \/>\n<meta property=\"og:url\" content=\"https:\/\/jassmine.com\/en\/product\/poster-chief-adjuah\/\" \/>\n<meta property=\"og:site_name\" content=\"jassmine\" \/>\n<meta property=\"article:modified_time\" content=\"2025-12-12T15:53:58+00:00\" \/>\n<meta property=\"og:image\" content=\"https:\/\/jassmine.com\/wp-content\/uploads\/2025\/09\/a3-kopia-3-1-scaled.jpg\" \/>\n\t<meta property=\"og:image:width\" content=\"1810\" \/>\n\t<meta property=\"og:image:height\" content=\"2560\" \/>\n\t<meta property=\"og:image:type\" content=\"image\/jpeg\" \/>\n<meta name=\"twitter:card\" content=\"summary_large_image\" \/>\n<script type=\"application\/ld+json\" class=\"yoast-schema-graph\">{\"@context\":\"https:\/\/schema.org\",\"@graph\":[{\"@type\":\"WebPage\",\"@id\":\"https:\/\/jassmine.com\/en\/product\/poster-chief-adjuah\/\",\"url\":\"https:\/\/jassmine.com\/en\/product\/poster-chief-adjuah\/\",\"name\":\"Poster Chief Adjuah - jassmine\",\"isPartOf\":{\"@id\":\"https:\/\/jassmine.com\/en\/#website\"},\"primaryImageOfPage\":{\"@id\":\"https:\/\/jassmine.com\/en\/product\/poster-chief-adjuah\/#primaryimage\"},\"image\":{\"@id\":\"https:\/\/jassmine.com\/en\/product\/poster-chief-adjuah\/#primaryimage\"},\"thumbnailUrl\":\"https:\/\/jassmine.com\/wp-content\/uploads\/2025\/09\/a3-kopia-3-1-scaled.jpg\",\"datePublished\":\"2025-10-16T22:07:39+00:00\",\"dateModified\":\"2025-12-12T15:53:58+00:00\",\"breadcrumb\":{\"@id\":\"https:\/\/jassmine.com\/en\/product\/poster-chief-adjuah\/#breadcrumb\"},\"inLanguage\":\"en-US\",\"potentialAction\":[{\"@type\":\"ReadAction\",\"target\":[\"https:\/\/jassmine.com\/en\/product\/poster-chief-adjuah\/\"]}]},{\"@type\":\"ImageObject\",\"inLanguage\":\"en-US\",\"@id\":\"https:\/\/jassmine.com\/en\/product\/poster-chief-adjuah\/#primaryimage\",\"url\":\"https:\/\/jassmine.com\/wp-content\/uploads\/2025\/09\/a3-kopia-3-1-scaled.jpg\",\"contentUrl\":\"https:\/\/jassmine.com\/wp-content\/uploads\/2025\/09\/a3-kopia-3-1-scaled.jpg\",\"width\":1810,\"height\":2560},{\"@type\":\"BreadcrumbList\",\"@id\":\"https:\/\/jassmine.com\/en\/product\/poster-chief-adjuah\/#breadcrumb\",\"itemListElement\":[{\"@type\":\"ListItem\",\"position\":1,\"name\":\"Home\",\"item\":\"https:\/\/jassmine.com\/en\/\"},{\"@type\":\"ListItem\",\"position\":2,\"name\":\"Products\",\"item\":\"https:\/\/jassmine.com\/en\/shop\/\"},{\"@type\":\"ListItem\",\"position\":3,\"name\":\"Poster Chief Adjuah\"}]},{\"@type\":\"WebSite\",\"@id\":\"https:\/\/jassmine.com\/en\/#website\",\"url\":\"https:\/\/jassmine.com\/en\/\",\"name\":\"jassmine\",\"description\":\"\",\"potentialAction\":[{\"@type\":\"SearchAction\",\"target\":{\"@type\":\"EntryPoint\",\"urlTemplate\":\"https:\/\/jassmine.com\/en\/?s={search_term_string}\"},\"query-input\":{\"@type\":\"PropertyValueSpecification\",\"valueRequired\":true,\"valueName\":\"search_term_string\"}}],\"inLanguage\":\"en-US\"}]}<\/script>\n<!-- \/ Yoast SEO plugin. -->","yoast_head_json":{"title":"Poster Chief Adjuah - jassmine","robots":{"index":"index","follow":"follow","max-snippet":"max-snippet:-1","max-image-preview":"max-image-preview:large","max-video-preview":"max-video-preview:-1"},"canonical":"https:\/\/jassmine.com\/en\/product\/poster-chief-adjuah\/","og_locale":"en_US","og_type":"article","og_title":"Poster Chief Adjuah - jassmine","og_url":"https:\/\/jassmine.com\/en\/product\/poster-chief-adjuah\/","og_site_name":"jassmine","article_modified_time":"2025-12-12T15:53:58+00:00","og_image":[{"width":1810,"height":2560,"url":"https:\/\/jassmine.com\/wp-content\/uploads\/2025\/09\/a3-kopia-3-1-scaled.jpg","type":"image\/jpeg"}],"twitter_card":"summary_large_image","schema":{"@context":"https:\/\/schema.org","@graph":[{"@type":"WebPage","@id":"https:\/\/jassmine.com\/en\/product\/poster-chief-adjuah\/","url":"https:\/\/jassmine.com\/en\/product\/poster-chief-adjuah\/","name":"Poster Chief Adjuah - jassmine","isPartOf":{"@id":"https:\/\/jassmine.com\/en\/#website"},"primaryImageOfPage":{"@id":"https:\/\/jassmine.com\/en\/product\/poster-chief-adjuah\/#primaryimage"},"image":{"@id":"https:\/\/jassmine.com\/en\/product\/poster-chief-adjuah\/#primaryimage"},"thumbnailUrl":"https:\/\/jassmine.com\/wp-content\/uploads\/2025\/09\/a3-kopia-3-1-scaled.jpg","datePublished":"2025-10-16T22:07:39+00:00","dateModified":"2025-12-12T15:53:58+00:00","breadcrumb":{"@id":"https:\/\/jassmine.com\/en\/product\/poster-chief-adjuah\/#breadcrumb"},"inLanguage":"en-US","potentialAction":[{"@type":"ReadAction","target":["https:\/\/jassmine.com\/en\/product\/poster-chief-adjuah\/"]}]},{"@type":"ImageObject","inLanguage":"en-US","@id":"https:\/\/jassmine.com\/en\/product\/poster-chief-adjuah\/#primaryimage","url":"https:\/\/jassmine.com\/wp-content\/uploads\/2025\/09\/a3-kopia-3-1-scaled.jpg","contentUrl":"https:\/\/jassmine.com\/wp-content\/uploads\/2025\/09\/a3-kopia-3-1-scaled.jpg","width":1810,"height":2560},{"@type":"BreadcrumbList","@id":"https:\/\/jassmine.com\/en\/product\/poster-chief-adjuah\/#breadcrumb","itemListElement":[{"@type":"ListItem","position":1,"name":"Home","item":"https:\/\/jassmine.com\/en\/"},{"@type":"ListItem","position":2,"name":"Products","item":"https:\/\/jassmine.com\/en\/shop\/"},{"@type":"ListItem","position":3,"name":"Poster Chief Adjuah"}]},{"@type":"WebSite","@id":"https:\/\/jassmine.com\/en\/#website","url":"https:\/\/jassmine.com\/en\/","name":"jassmine","description":"","potentialAction":[{"@type":"SearchAction","target":{"@type":"EntryPoint","urlTemplate":"https:\/\/jassmine.com\/en\/?s={search_term_string}"},"query-input":{"@type":"PropertyValueSpecification","valueRequired":true,"valueName":"search_term_string"}}],"inLanguage":"en-US"}]}},"_links":{"self":[{"href":"https:\/\/jassmine.com\/en\/wp-json\/wp\/v2\/product\/9643","targetHints":{"allow":["GET"]}}],"collection":[{"href":"https:\/\/jassmine.com\/en\/wp-json\/wp\/v2\/product"}],"about":[{"href":"https:\/\/jassmine.com\/en\/wp-json\/wp\/v2\/types\/product"}],"wp:featuredmedia":[{"embeddable":true,"href":"https:\/\/jassmine.com\/en\/wp-json\/wp\/v2\/media\/8700"}],"wp:attachment":[{"href":"https:\/\/jassmine.com\/en\/wp-json\/wp\/v2\/media?parent=9643"}],"wp:term":[{"taxonomy":"collection","embeddable":true,"href":"https:\/\/jassmine.com\/en\/wp-json\/wp\/v2\/collection?post=9643"}],"curies":[{"name":"wp","href":"https:\/\/api.w.org\/{rel}","templated":true}]}}